{"id":59,"date":"2023-11-26T10:26:03","date_gmt":"2023-11-26T09:26:03","guid":{"rendered":"https:\/\/www.radretter.at\/?page_id=59"},"modified":"2025-06-20T04:19:43","modified_gmt":"2025-06-20T02:19:43","slug":"impressum","status":"publish","type":"page","link":"https:\/\/www.radretter.at\/?page_id=59","title":{"rendered":"Impressum"},"content":{"rendered":"\n<h4 class=\"wp-block-heading\">Impressum<\/h4>\n\n\n\n<p><strong>Informationen und Offenlegung gem\u00e4\u00df \u00a75 (1) ECG, \u00a7 25 MedienG, \u00a7 63 GewO und \u00a7 14 UGB<\/strong><\/p>\n\n\n\n<p><strong>Webseitenbetreiber:<\/strong> Marcus Allacher-Nagl<\/p>\n\n\n\n<p><strong>Anschrift:<\/strong> Lindenstra\u00dfe 2B  3430 Frauenhofen<\/p>\n\n\n\n<p><strong>UID-Nr:<\/strong><br><strong>Gewerbeaufsichtbeh\u00f6rde:<\/strong> BEZIRKSHAUPTMANNSCHAFT TULLN<br><strong>Mitgliedschaften:<\/strong><\/p>\n\n\n\n<p><strong>Kontaktdaten:<\/strong><br>Telefon: 0677 639 422 28<br>Email: office@radretter.at<br>Fax:<\/p>\n\n\n\n<p><strong>Anwendbare Rechtsvorschrift:<\/strong> www.ris.bka.gv.at<br><\/p>\n\n\n\n<p><strong>Online Streitbeilegung:<\/strong> Verbraucher, welche in \u00d6sterreich oder in einem sonstigen Vertragsstaat der ODR-VO niedergelassen sind, haben die M\u00f6glichkeit Probleme bez\u00fcglich dem entgeltlichen Kauf von Waren oder Dienstleistungen im Rahmen einer Online-Streitbeilegung (nach OS, AStG) zu l\u00f6sen. Die Europa\u0308ische Kommission stellt eine Plattform hierf\u00fcr bereit: https:\/\/ec.europa.eu\/consumers\/odr<\/p>\n\n\n\n<p><strong>Urheberrecht:<\/strong> Die Inhalte dieser Webseite unterliegen, soweit dies rechtlich m\u00f6glich ist, diversen Schutzrechten (z.B dem Urheberrecht). Jegliche Verwendung\/Verbreitung von bereitgestelltem Material, welche urheberrechtlich untersagt ist, bedarf schriftlicher Zustimmung des Webseitenbetreibers.<\/p>\n\n\n\n<p><strong>Haftungsausschluss:<\/strong> Trotz sorgf\u00e4ltiger inhaltlicher Kontrolle \u00fcbernimmt der Webseitenbetreiber dieser Webseite keine Haftung f\u00fcr die Inhalte externer Links. F\u00fcr den Inhalt der verlinkten Seiten sind ausschlie\u00dflich deren Betreiber verantwortlich. Sollten Sie dennoch auf ausgehende Links aufmerksam werden, welche auf eine Webseite mit rechtswidriger T\u00e4tigkeit\/Information verweisen, ersuchen wir um dementsprechenden Hinweis, um diese nach \u00a7 17 Abs. 2 ECG umgehend zu entfernen.<br>Die Urheberrechte Dritter werden vom Betreiber dieser Webseite mit gr\u00f6\u00dfter Sorgfalt beachtet. Sollten Sie trotzdem auf eine Urheberrechtsverletzung aufmerksam werden, bitten wir um einen entsprechenden Hinweis. Bei Bekanntwerden derartiger Rechtsverletzungen werden wir den betroffenen Inhalt umgehend entfernen.<\/p>\n\n\n\n<p>Quelle: <strong><a href=\"https:\/\/www.rechtstexte-generator.at\/dsgvo-generator-oesterreich\/\">Datenschutz DSGVO Generator<\/a><\/strong> in Kooperation mit<br><strong><a href=\"https:\/\/www.ortner-rechtsanwalt.at\/\">Rechtsanwalt Wien<\/a><\/strong><\/p>\n","protected":false},"excerpt":{"rendered":"<p>Impressum Informationen und Offenlegung gem\u00e4\u00df \u00a75 (1) ECG, \u00a7 25 MedienG, \u00a7 63 GewO und \u00a7 14 UGB Webseitenbetreiber: Marcus Allacher-Nagl Anschrift: Lindenstra\u00dfe 2B 3430 Frauenhofen UID-Nr:Gewerbeaufsichtbeh\u00f6rde: BEZIRKSHAUPTMANNSCHAFT TULLNMitgliedschaften: Kontaktdaten:Telefon: 0677 639 422 28Email: office@radretter.atFax: Anwendbare Rechtsvorschrift: www.ris.bka.gv.at Online Streitbeilegung: Verbraucher, welche in \u00d6sterreich oder in einem sonstigen Vertragsstaat der [&hellip;]<\/p>\n","protected":false},"author":1,"featured_media":0,"parent":0,"menu_order":0,"comment_status":"closed","ping_status":"closed","template":"","meta":{"om_disable_all_campaigns":false,"footnotes":""},"class_list":["post-59","page","type-page","status-publish","hentry"],"aioseo_notices":[],"jetpack_sharing_enabled":true,"_links":{"self":[{"href":"https:\/\/www.radretter.at\/index.php?rest_route=\/wp\/v2\/pages\/59","targetHints":{"allow":["GET"]}}],"collection":[{"href":"https:\/\/www.radretter.at\/index.php?rest_route=\/wp\/v2\/pages"}],"about":[{"href":"https:\/\/www.radretter.at\/index.php?rest_route=\/wp\/v2\/types\/page"}],"author":[{"embeddable":true,"href":"https:\/\/www.radretter.at\/index.php?rest_route=\/wp\/v2\/users\/1"}],"replies":[{"embeddable":true,"href":"https:\/\/www.radretter.at\/index.php?rest_route=%2Fwp%2Fv2%2Fcomments&post=59"}],"version-history":[{"count":4,"href":"https:\/\/www.radretter.at\/index.php?rest_route=\/wp\/v2\/pages\/59\/revisions"}],"predecessor-version":[{"id":117,"href":"https:\/\/www.radretter.at\/index.php?rest_route=\/wp\/v2\/pages\/59\/revisions\/117"}],"wp:attachment":[{"href":"https:\/\/www.radretter.at\/index.php?rest_route=%2Fwp%2Fv2%2Fmedia&parent=59"}],"curies":[{"name":"wp","href":"https:\/\/api.w.org\/{rel}","templated":true}]}}