{"id":2,"date":"2023-11-08T18:36:13","date_gmt":"2023-11-08T17:36:13","guid":{"rendered":""},"modified":"2024-10-22T08:08:48","modified_gmt":"2024-10-22T06:08:48","slug":"beispiel-seite","status":"publish","type":"page","link":"https:\/\/www.radretter.at\/","title":{"rendered":"Herzlich Willkommen beim Radretter"},"content":{"rendered":"\n<p class=\"has-text-align-center has-black-color has-white-background-color has-text-color has-background has-link-color wp-elements-d89d1e9fa00fa6967edae6629b4b2167\">Entdecke die Zukunft des Fahrradservices &#8211; direkt vor deiner Haust\u00fcr! Wir sind stolz darauf, unser mobiles Fahrrad-Service zu pr\u00e4sentieren, das den Komfort einer traditionellen Werkstatt mit der Flexibilit\u00e4t deines hektischen Lebensstils verbindet.<\/p>\n\n\n\n<p><strong>Warum unser mobiles Fahrrad-Service?<\/strong><\/p>\n\n\n\n<ul class=\"wp-block-list\">\n<li><strong>Zeitersparnis:<\/strong> Kein Warten in der Werkstatt. Wir kommen zu dir, wann es dir am besten passt.<\/li>\n\n\n\n<li><strong>Professionelle Techniker:<\/strong> Unsere Experten haben das n\u00f6tige Know-how, um jedes Fahrradproblem zu beheben.<\/li>\n\n\n\n<li><strong>Transparente Preise:<\/strong> Keine versteckten Kosten. Du erh\u00e4ltst einen klaren Kostenvoranschlag, bevor wir mit der Arbeit beginnen.<\/li>\n<\/ul>\n\n\n\n<p class=\"has-white-background-color has-background\"><strong>Wie funktioniert es?<\/strong><\/p>\n\n\n\n<ol start=\"1\" class=\"wp-block-list\">\n<li><strong>Terminvereinbarung:<\/strong> Kontaktiere uns, um einen Termin zu vereinbaren.<\/li>\n\n\n\n<li style=\"font-style:normal;font-weight:400\"><strong>Ort w\u00e4hlen:<\/strong> Wir kommen zu dir, sei es zu Hause, bei der Arbeit oder an einem anderen Ort deiner Wahl.<\/li>\n\n\n\n<li><strong>Reparatur vor Ort:<\/strong> Lehne dich zur\u00fcck, w\u00e4hrend wir uns um dein Fahrrad k\u00fcmmern.<\/li>\n\n\n\n<li><strong>Fertig!<\/strong> Dein Fahrrad ist wieder in Bestform, und du kannst sofort wieder losfahren.<\/li>\n<\/ol>\n\n\n\n<figure class=\"wp-block-image size-large\"><img data-opt-id=1379893537  fetchpriority=\"high\" decoding=\"async\" width=\"750\" height=\"218\" src=\"https:\/\/ml5eavttmydg.i.optimole.com\/w:auto\/h:auto\/q:mauto\/f:best\/https:\/\/i0.wp.com\/www.radretter.at\/wp-content\/uploads\/2024\/10\/Partnerbetrieb_Webseiten_Header.jpg?resize=750%2C218&#038;ssl=1\" alt=\"\" class=\"wp-image-112\" srcset=\"https:\/\/ml5eavttmydg.i.optimole.com\/w:1024\/h:1080\/q:mauto\/f:best\/https:\/\/www.radretter.at\/wp-content\/uploads\/2024\/10\/Partnerbetrieb_Webseiten_Header-scaled.jpg 1024w, https:\/\/ml5eavttmydg.i.optimole.com\/w:300\/h:1080\/q:mauto\/f:best\/https:\/\/www.radretter.at\/wp-content\/uploads\/2024\/10\/Partnerbetrieb_Webseiten_Header-scaled.jpg 300w, https:\/\/ml5eavttmydg.i.optimole.com\/w:768\/h:1080\/q:mauto\/f:best\/https:\/\/www.radretter.at\/wp-content\/uploads\/2024\/10\/Partnerbetrieb_Webseiten_Header-scaled.jpg 768w, https:\/\/ml5eavttmydg.i.optimole.com\/w:1536\/h:1080\/q:mauto\/f:best\/https:\/\/www.radretter.at\/wp-content\/uploads\/2024\/10\/Partnerbetrieb_Webseiten_Header-scaled.jpg 1536w, https:\/\/ml5eavttmydg.i.optimole.com\/w:1920\/h:1012\/q:mauto\/f:best\/https:\/\/www.radretter.at\/wp-content\/uploads\/2024\/10\/Partnerbetrieb_Webseiten_Header-scaled.jpg 2048w, https:\/\/ml5eavttmydg.i.optimole.com\/w:1920\/h:921\/q:mauto\/f:best\/https:\/\/www.radretter.at\/wp-content\/uploads\/2024\/10\/Partnerbetrieb_Webseiten_Header-scaled.jpg 2250w\" sizes=\"(max-width: 750px) 100vw, 750px\" data-recalc-dims=\"1\" \/><\/figure>\n","protected":false},"excerpt":{"rendered":"<p>Entdecke die Zukunft des Fahrradservices &#8211; direkt vor deiner Haust\u00fcr! Wir sind stolz darauf, unser mobiles Fahrrad-Service zu pr\u00e4sentieren, das den Komfort einer traditionellen Werkstatt mit der Flexibilit\u00e4t deines hektischen Lebensstils verbindet. Warum unser mobiles Fahrrad-Service? Wie funktioniert es?<\/p>\n","protected":false},"author":1,"featured_media":0,"parent":0,"menu_order":0,"comment_status":"closed","ping_status":"open","template":"","meta":{"om_disable_all_campaigns":false,"footnotes":""},"class_list":["post-2","page","type-page","status-publish","hentry"],"aioseo_notices":[],"jetpack_sharing_enabled":true,"_links":{"self":[{"href":"https:\/\/www.radretter.at\/index.php?rest_route=\/wp\/v2\/pages\/2","targetHints":{"allow":["GET"]}}],"collection":[{"href":"https:\/\/www.radretter.at\/index.php?rest_route=\/wp\/v2\/pages"}],"about":[{"href":"https:\/\/www.radretter.at\/index.php?rest_route=\/wp\/v2\/types\/page"}],"author":[{"embeddable":true,"href":"https:\/\/www.radretter.at\/index.php?rest_route=\/wp\/v2\/users\/1"}],"replies":[{"embeddable":true,"href":"https:\/\/www.radretter.at\/index.php?rest_route=%2Fwp%2Fv2%2Fcomments&post=2"}],"version-history":[{"count":14,"href":"https:\/\/www.radretter.at\/index.php?rest_route=\/wp\/v2\/pages\/2\/revisions"}],"predecessor-version":[{"id":113,"href":"https:\/\/www.radretter.at\/index.php?rest_route=\/wp\/v2\/pages\/2\/revisions\/113"}],"wp:attachment":[{"href":"https:\/\/www.radretter.at\/index.php?rest_route=%2Fwp%2Fv2%2Fmedia&parent=2"}],"curies":[{"name":"wp","href":"https:\/\/api.w.org\/{rel}","templated":true}]}}